{"id":1052,"date":"2024-11-04T15:20:19","date_gmt":"2024-11-04T14:20:19","guid":{"rendered":"https:\/\/randrshop.hu\/webshop\/?post_type=product&#038;p=1052"},"modified":"2026-01-08T15:56:41","modified_gmt":"2026-01-08T14:56:41","slug":"anekke-noi-cipo-barna-3","status":"publish","type":"product","link":"https:\/\/randrshop.hu\/webshop\/termek\/anekke-noi-cipo-barna-3\/","title":{"rendered":"Anekke N\u0151i cip\u0151 barna"},"content":{"rendered":"","protected":false},"excerpt":{"rendered":"<p>Anekke N\u0151i cip\u0151 barna<br \/>\nKollekci\u00f3:Anekke Casual<br \/>\nSz\u00edn:barna<br \/>\nM\u00e9ret:37,37,38,40,41<br \/>\nCikksz\u00e1m:39390-410<\/p>\n","protected":false},"featured_media":1056,"comment_status":"open","ping_status":"closed","template":"","meta":[],"product_brand":[],"product_cat":[28,29],"product_tag":[],"class_list":{"0":"post-1052","1":"product","2":"type-product","3":"status-publish","4":"has-post-thumbnail","6":"product_cat-cipok","7":"product_cat-noi-cipok","9":"first","10":"instock","11":"shipping-taxable","12":"purchasable","13":"product-type-simple"},"_links":{"self":[{"href":"https:\/\/randrshop.hu\/webshop\/wp-json\/wp\/v2\/product\/1052","targetHints":{"allow":["GET"]}}],"collection":[{"href":"https:\/\/randrshop.hu\/webshop\/wp-json\/wp\/v2\/product"}],"about":[{"href":"https:\/\/randrshop.hu\/webshop\/wp-json\/wp\/v2\/types\/product"}],"replies":[{"embeddable":true,"href":"https:\/\/randrshop.hu\/webshop\/wp-json\/wp\/v2\/comments?post=1052"}],"wp:featuredmedia":[{"embeddable":true,"href":"https:\/\/randrshop.hu\/webshop\/wp-json\/wp\/v2\/media\/1056"}],"wp:attachment":[{"href":"https:\/\/randrshop.hu\/webshop\/wp-json\/wp\/v2\/media?parent=1052"}],"wp:term":[{"taxonomy":"product_brand","embeddable":true,"href":"https:\/\/randrshop.hu\/webshop\/wp-json\/wp\/v2\/product_brand?post=1052"},{"taxonomy":"product_cat","embeddable":true,"href":"https:\/\/randrshop.hu\/webshop\/wp-json\/wp\/v2\/product_cat?post=1052"},{"taxonomy":"product_tag","embeddable":true,"href":"https:\/\/randrshop.hu\/webshop\/wp-json\/wp\/v2\/product_tag?post=1052"}],"curies":[{"name":"wp","href":"https:\/\/api.w.org\/{rel}","templated":true}]}}