{"id":120,"date":"2024-05-05T19:32:48","date_gmt":"2024-05-05T17:32:48","guid":{"rendered":"https:\/\/randrshop.hu\/webshop\/termek\/anekke-nature-edition-tablettarto-taska-barna\/"},"modified":"2026-01-09T11:02:54","modified_gmt":"2026-01-09T10:02:54","slug":"anekke-nature-edition-tablettarto-taska-barna","status":"publish","type":"product","link":"https:\/\/randrshop.hu\/webshop\/termek\/anekke-nature-edition-tablettarto-taska-barna\/","title":{"rendered":"Anekke Nature Edition Tablettart\u00f3 t\u00e1ska Barna"},"content":{"rendered":"<p>Anekke Nature Edition Tablettart\u00f3 t\u00e1ska Barna .<br \/>\nKollekci\u00f3: Anekke Nature Edition<br \/>\nT\u00edpus: Tablettart\u00f3 t\u00e1ska<br \/>\nSz\u00edn: Barna<br \/>\nM\u00e9retek: 22x17x10 cm<br \/>\nCikksz\u00e1m: 37784-017<\/p>\n","protected":false},"excerpt":{"rendered":"<p>Anekke Nature Edition Tablettart\u00f3 t\u00e1ska Barna .<br \/>\nKollekci\u00f3: Anekke Nature Edition<br \/>\nT\u00edpus: Tablettart\u00f3 t\u00e1ska<br \/>\nSz\u00edn: Barna<br \/>\nM\u00e9retek: 22x17x10 cm<br \/>\nCikksz\u00e1m: 37784-017<\/p>\n","protected":false},"featured_media":119,"comment_status":"open","ping_status":"closed","template":"","meta":[],"product_brand":[],"product_cat":[21,17],"product_tag":[],"class_list":{"0":"post-120","1":"product","2":"type-product","3":"status-publish","4":"has-post-thumbnail","6":"product_cat-tablettaskak","7":"product_cat-taskak","9":"first","10":"instock","11":"shipping-taxable","12":"purchasable","13":"product-type-simple"},"_links":{"self":[{"href":"https:\/\/randrshop.hu\/webshop\/wp-json\/wp\/v2\/product\/120","targetHints":{"allow":["GET"]}}],"collection":[{"href":"https:\/\/randrshop.hu\/webshop\/wp-json\/wp\/v2\/product"}],"about":[{"href":"https:\/\/randrshop.hu\/webshop\/wp-json\/wp\/v2\/types\/product"}],"replies":[{"embeddable":true,"href":"https:\/\/randrshop.hu\/webshop\/wp-json\/wp\/v2\/comments?post=120"}],"wp:featuredmedia":[{"embeddable":true,"href":"https:\/\/randrshop.hu\/webshop\/wp-json\/wp\/v2\/media\/119"}],"wp:attachment":[{"href":"https:\/\/randrshop.hu\/webshop\/wp-json\/wp\/v2\/media?parent=120"}],"wp:term":[{"taxonomy":"product_brand","embeddable":true,"href":"https:\/\/randrshop.hu\/webshop\/wp-json\/wp\/v2\/product_brand?post=120"},{"taxonomy":"product_cat","embeddable":true,"href":"https:\/\/randrshop.hu\/webshop\/wp-json\/wp\/v2\/product_cat?post=120"},{"taxonomy":"product_tag","embeddable":true,"href":"https:\/\/randrshop.hu\/webshop\/wp-json\/wp\/v2\/product_tag?post=120"}],"curies":[{"name":"wp","href":"https:\/\/api.w.org\/{rel}","templated":true}]}}