{"id":1296,"date":"2025-03-24T12:41:54","date_gmt":"2025-03-24T11:41:54","guid":{"rendered":"https:\/\/randrshop.hu\/webshop\/?post_type=product&#038;p=1296"},"modified":"2026-01-08T15:00:20","modified_gmt":"2026-01-08T14:00:20","slug":"anekke-accesorios-hutotaska-3","status":"publish","type":"product","link":"https:\/\/randrshop.hu\/webshop\/termek\/anekke-accesorios-hutotaska-3\/","title":{"rendered":"Anekke Accesorios H\u0171t\u0151t\u00e1ska"},"content":{"rendered":"","protected":false},"excerpt":{"rendered":"<p>Anekke Accesorios H\u0171t\u00f6t\u00e1ska<br \/>\nKollekc\u00ed\u00f3:Anekke Accesorios<br \/>\nSz\u00edn:-<br \/>\nM\u00e9ret:28,5*24,5*21,5cm<br \/>\nCikksz\u00e1m:40494-122<\/p>\n","protected":false},"featured_media":1299,"comment_status":"open","ping_status":"closed","template":"","meta":[],"product_brand":[],"product_cat":[27,17],"product_tag":[],"class_list":{"0":"post-1296","1":"product","2":"type-product","3":"status-publish","4":"has-post-thumbnail","6":"product_cat-hutotaskak","7":"product_cat-taskak","9":"first","10":"instock","11":"shipping-taxable","12":"purchasable","13":"product-type-simple"},"_links":{"self":[{"href":"https:\/\/randrshop.hu\/webshop\/wp-json\/wp\/v2\/product\/1296","targetHints":{"allow":["GET"]}}],"collection":[{"href":"https:\/\/randrshop.hu\/webshop\/wp-json\/wp\/v2\/product"}],"about":[{"href":"https:\/\/randrshop.hu\/webshop\/wp-json\/wp\/v2\/types\/product"}],"replies":[{"embeddable":true,"href":"https:\/\/randrshop.hu\/webshop\/wp-json\/wp\/v2\/comments?post=1296"}],"wp:featuredmedia":[{"embeddable":true,"href":"https:\/\/randrshop.hu\/webshop\/wp-json\/wp\/v2\/media\/1299"}],"wp:attachment":[{"href":"https:\/\/randrshop.hu\/webshop\/wp-json\/wp\/v2\/media?parent=1296"}],"wp:term":[{"taxonomy":"product_brand","embeddable":true,"href":"https:\/\/randrshop.hu\/webshop\/wp-json\/wp\/v2\/product_brand?post=1296"},{"taxonomy":"product_cat","embeddable":true,"href":"https:\/\/randrshop.hu\/webshop\/wp-json\/wp\/v2\/product_cat?post=1296"},{"taxonomy":"product_tag","embeddable":true,"href":"https:\/\/randrshop.hu\/webshop\/wp-json\/wp\/v2\/product_tag?post=1296"}],"curies":[{"name":"wp","href":"https:\/\/api.w.org\/{rel}","templated":true}]}}