{"id":1623,"date":"2025-05-22T15:58:20","date_gmt":"2025-05-22T13:58:20","guid":{"rendered":"https:\/\/randrshop.hu\/webshop\/?post_type=product&#038;p=1623"},"modified":"2026-01-08T13:31:54","modified_gmt":"2026-01-08T12:31:54","slug":"anekke-alegria-kezitaskavalltaska-2","status":"publish","type":"product","link":"https:\/\/randrshop.hu\/webshop\/termek\/anekke-alegria-kezitaskavalltaska-2\/","title":{"rendered":"Anekke Alegr\u00eda K\u00e9zit\u00e1ska,V\u00e1llt\u00e1ska"},"content":{"rendered":"","protected":false},"excerpt":{"rendered":"<p>Anekke Alegr\u00eda K\u00e9zit\u00e1ska,V\u00e1llt\u00e1ska<br \/>\nKollekci\u00f3:Anekke Alegr\u00eda<br \/>\nSz\u00edn:-<br \/>\nM\u00e9ret:30*29*10 cm<br \/>\nCikksz\u00e1m:40711-302<\/p>\n","protected":false},"featured_media":1627,"comment_status":"open","ping_status":"closed","template":"","meta":[],"product_brand":[],"product_cat":[22,17,18],"product_tag":[],"class_list":{"0":"post-1623","1":"product","2":"type-product","3":"status-publish","4":"has-post-thumbnail","6":"product_cat-kezitaskak","7":"product_cat-taskak","8":"product_cat-valltaskak","10":"first","11":"instock","12":"shipping-taxable","13":"purchasable","14":"product-type-simple"},"_links":{"self":[{"href":"https:\/\/randrshop.hu\/webshop\/wp-json\/wp\/v2\/product\/1623","targetHints":{"allow":["GET"]}}],"collection":[{"href":"https:\/\/randrshop.hu\/webshop\/wp-json\/wp\/v2\/product"}],"about":[{"href":"https:\/\/randrshop.hu\/webshop\/wp-json\/wp\/v2\/types\/product"}],"replies":[{"embeddable":true,"href":"https:\/\/randrshop.hu\/webshop\/wp-json\/wp\/v2\/comments?post=1623"}],"wp:featuredmedia":[{"embeddable":true,"href":"https:\/\/randrshop.hu\/webshop\/wp-json\/wp\/v2\/media\/1627"}],"wp:attachment":[{"href":"https:\/\/randrshop.hu\/webshop\/wp-json\/wp\/v2\/media?parent=1623"}],"wp:term":[{"taxonomy":"product_brand","embeddable":true,"href":"https:\/\/randrshop.hu\/webshop\/wp-json\/wp\/v2\/product_brand?post=1623"},{"taxonomy":"product_cat","embeddable":true,"href":"https:\/\/randrshop.hu\/webshop\/wp-json\/wp\/v2\/product_cat?post=1623"},{"taxonomy":"product_tag","embeddable":true,"href":"https:\/\/randrshop.hu\/webshop\/wp-json\/wp\/v2\/product_tag?post=1623"}],"curies":[{"name":"wp","href":"https:\/\/api.w.org\/{rel}","templated":true}]}}