{"id":2248,"date":"2025-11-19T14:53:27","date_gmt":"2025-11-19T13:53:27","guid":{"rendered":"https:\/\/randrshop.hu\/webshop\/?post_type=product&#038;p=2248"},"modified":"2025-11-19T14:53:27","modified_gmt":"2025-11-19T13:53:27","slug":"anekke-mademoiselle-irattartopenztarca","status":"publish","type":"product","link":"https:\/\/randrshop.hu\/webshop\/termek\/anekke-mademoiselle-irattartopenztarca\/","title":{"rendered":"Anekke Mademoiselle Irattart\u00f3,P\u00e9nzt\u00e1rca"},"content":{"rendered":"","protected":false},"excerpt":{"rendered":"<p>Anekke Mademoiselle Irattart\u00f3,P\u00e9nzt\u00e1rca<br \/>\nKollekci\u00f3:Anekke Mademoiselle<br \/>\nSz\u00edn:-<br \/>\nM\u00e9ret:12*8*1 cm<br \/>\nCikksz\u00e1m:41809-019<\/p>\n","protected":false},"featured_media":2251,"comment_status":"open","ping_status":"closed","template":"","meta":[],"product_brand":[],"product_cat":[54,17],"product_tag":[],"class_list":{"0":"post-2248","1":"product","2":"type-product","3":"status-publish","4":"has-post-thumbnail","6":"product_cat-irattarto-taskak","7":"product_cat-taskak","9":"first","10":"instock","11":"shipping-taxable","12":"purchasable","13":"product-type-simple"},"_links":{"self":[{"href":"https:\/\/randrshop.hu\/webshop\/wp-json\/wp\/v2\/product\/2248","targetHints":{"allow":["GET"]}}],"collection":[{"href":"https:\/\/randrshop.hu\/webshop\/wp-json\/wp\/v2\/product"}],"about":[{"href":"https:\/\/randrshop.hu\/webshop\/wp-json\/wp\/v2\/types\/product"}],"replies":[{"embeddable":true,"href":"https:\/\/randrshop.hu\/webshop\/wp-json\/wp\/v2\/comments?post=2248"}],"wp:featuredmedia":[{"embeddable":true,"href":"https:\/\/randrshop.hu\/webshop\/wp-json\/wp\/v2\/media\/2251"}],"wp:attachment":[{"href":"https:\/\/randrshop.hu\/webshop\/wp-json\/wp\/v2\/media?parent=2248"}],"wp:term":[{"taxonomy":"product_brand","embeddable":true,"href":"https:\/\/randrshop.hu\/webshop\/wp-json\/wp\/v2\/product_brand?post=2248"},{"taxonomy":"product_cat","embeddable":true,"href":"https:\/\/randrshop.hu\/webshop\/wp-json\/wp\/v2\/product_cat?post=2248"},{"taxonomy":"product_tag","embeddable":true,"href":"https:\/\/randrshop.hu\/webshop\/wp-json\/wp\/v2\/product_tag?post=2248"}],"curies":[{"name":"wp","href":"https:\/\/api.w.org\/{rel}","templated":true}]}}