{"id":2318,"date":"2026-01-06T12:22:30","date_gmt":"2026-01-06T11:22:30","guid":{"rendered":"https:\/\/randrshop.hu\/webshop\/?post_type=product&#038;p=2318"},"modified":"2026-01-14T12:01:38","modified_gmt":"2026-01-14T11:01:38","slug":"anekke-clothes-hosszu-ujju-felso","status":"publish","type":"product","link":"https:\/\/randrshop.hu\/webshop\/termek\/anekke-clothes-hosszu-ujju-felso\/","title":{"rendered":"Anekke Clothes hossz\u00fa ujj\u00fa fels\u0151"},"content":{"rendered":"","protected":false},"excerpt":{"rendered":"<p>Anekke Clothes Hossz\u00fa ujj\u00fa fels\u0151<br \/>\nKolekkci\u00f3:Anekke Clothes<br \/>\nSz\u00edn:Halv\u00e1ny r\u00f3zsasz\u00edn<br \/>\nM\u00e9ret:S,M<br \/>\nCikksz\u00e1m:41281-329<\/p>\n","protected":false},"featured_media":2319,"comment_status":"open","ping_status":"closed","template":"","meta":[],"product_brand":[],"product_cat":[30],"product_tag":[],"class_list":{"0":"post-2318","1":"product","2":"type-product","3":"status-publish","4":"has-post-thumbnail","6":"product_cat-ruhazat","8":"first","9":"instock","10":"shipping-taxable","11":"purchasable","12":"product-type-simple"},"_links":{"self":[{"href":"https:\/\/randrshop.hu\/webshop\/wp-json\/wp\/v2\/product\/2318","targetHints":{"allow":["GET"]}}],"collection":[{"href":"https:\/\/randrshop.hu\/webshop\/wp-json\/wp\/v2\/product"}],"about":[{"href":"https:\/\/randrshop.hu\/webshop\/wp-json\/wp\/v2\/types\/product"}],"replies":[{"embeddable":true,"href":"https:\/\/randrshop.hu\/webshop\/wp-json\/wp\/v2\/comments?post=2318"}],"wp:featuredmedia":[{"embeddable":true,"href":"https:\/\/randrshop.hu\/webshop\/wp-json\/wp\/v2\/media\/2319"}],"wp:attachment":[{"href":"https:\/\/randrshop.hu\/webshop\/wp-json\/wp\/v2\/media?parent=2318"}],"wp:term":[{"taxonomy":"product_brand","embeddable":true,"href":"https:\/\/randrshop.hu\/webshop\/wp-json\/wp\/v2\/product_brand?post=2318"},{"taxonomy":"product_cat","embeddable":true,"href":"https:\/\/randrshop.hu\/webshop\/wp-json\/wp\/v2\/product_cat?post=2318"},{"taxonomy":"product_tag","embeddable":true,"href":"https:\/\/randrshop.hu\/webshop\/wp-json\/wp\/v2\/product_tag?post=2318"}],"curies":[{"name":"wp","href":"https:\/\/api.w.org\/{rel}","templated":true}]}}