{"id":2439,"date":"2026-03-19T13:15:41","date_gmt":"2026-03-19T12:15:41","guid":{"rendered":"https:\/\/randrshop.hu\/webshop\/?post_type=product&#038;p=2439"},"modified":"2026-03-19T13:15:41","modified_gmt":"2026-03-19T12:15:41","slug":"anekke-amphora-penztarca-2","status":"publish","type":"product","link":"https:\/\/randrshop.hu\/webshop\/termek\/anekke-amphora-penztarca-2\/","title":{"rendered":"Anekke Amphora P\u00e9nzt\u00e1rca"},"content":{"rendered":"","protected":false},"excerpt":{"rendered":"<p>Anekke Amphora P\u00e9nzt\u00e1rca<br \/>\nKollekci\u00f3:Anekke Amphora<br \/>\nSz\u00edn:-<br \/>\nM\u00e9ret:15*10*5 cm<br \/>\nCikksz\u00e1m:42719-909<\/p>\n","protected":false},"featured_media":2443,"comment_status":"open","ping_status":"closed","template":"","meta":[],"product_brand":[],"product_cat":[23,17],"product_tag":[],"class_list":{"0":"post-2439","1":"product","2":"type-product","3":"status-publish","4":"has-post-thumbnail","6":"product_cat-penztarcak","7":"product_cat-taskak","9":"first","10":"instock","11":"shipping-taxable","12":"purchasable","13":"product-type-simple"},"_links":{"self":[{"href":"https:\/\/randrshop.hu\/webshop\/wp-json\/wp\/v2\/product\/2439","targetHints":{"allow":["GET"]}}],"collection":[{"href":"https:\/\/randrshop.hu\/webshop\/wp-json\/wp\/v2\/product"}],"about":[{"href":"https:\/\/randrshop.hu\/webshop\/wp-json\/wp\/v2\/types\/product"}],"replies":[{"embeddable":true,"href":"https:\/\/randrshop.hu\/webshop\/wp-json\/wp\/v2\/comments?post=2439"}],"wp:featuredmedia":[{"embeddable":true,"href":"https:\/\/randrshop.hu\/webshop\/wp-json\/wp\/v2\/media\/2443"}],"wp:attachment":[{"href":"https:\/\/randrshop.hu\/webshop\/wp-json\/wp\/v2\/media?parent=2439"}],"wp:term":[{"taxonomy":"product_brand","embeddable":true,"href":"https:\/\/randrshop.hu\/webshop\/wp-json\/wp\/v2\/product_brand?post=2439"},{"taxonomy":"product_cat","embeddable":true,"href":"https:\/\/randrshop.hu\/webshop\/wp-json\/wp\/v2\/product_cat?post=2439"},{"taxonomy":"product_tag","embeddable":true,"href":"https:\/\/randrshop.hu\/webshop\/wp-json\/wp\/v2\/product_tag?post=2439"}],"curies":[{"name":"wp","href":"https:\/\/api.w.org\/{rel}","templated":true}]}}