{"id":2480,"date":"2026-03-20T12:39:15","date_gmt":"2026-03-20T11:39:15","guid":{"rendered":"https:\/\/randrshop.hu\/webshop\/?post_type=product&#038;p=2480"},"modified":"2026-03-20T12:39:15","modified_gmt":"2026-03-20T11:39:15","slug":"anekke-amphora-kezitaskavalltaska-3","status":"publish","type":"product","link":"https:\/\/randrshop.hu\/webshop\/termek\/anekke-amphora-kezitaskavalltaska-3\/","title":{"rendered":"Anekke Amphora K\u00e9zit\u00e1ska,V\u00e1llt\u00e1ska"},"content":{"rendered":"","protected":false},"excerpt":{"rendered":"<p>Anekke Amphora K\u00e9zit\u00e1ska,V\u00e1llt\u00e1ska<br \/>\nKollekci\u00f3:Anekke Amphora<br \/>\nSz\u00edn:-<br \/>\nM\u00e9ret:28*17*13 cm<br \/>\nCikksz\u00e1m:42711-413<\/p>\n","protected":false},"featured_media":2482,"comment_status":"open","ping_status":"closed","template":"","meta":[],"product_brand":[],"product_cat":[22,17,18],"product_tag":[],"class_list":{"0":"post-2480","1":"product","2":"type-product","3":"status-publish","4":"has-post-thumbnail","6":"product_cat-kezitaskak","7":"product_cat-taskak","8":"product_cat-valltaskak","10":"first","11":"instock","12":"shipping-taxable","13":"purchasable","14":"product-type-simple"},"_links":{"self":[{"href":"https:\/\/randrshop.hu\/webshop\/wp-json\/wp\/v2\/product\/2480","targetHints":{"allow":["GET"]}}],"collection":[{"href":"https:\/\/randrshop.hu\/webshop\/wp-json\/wp\/v2\/product"}],"about":[{"href":"https:\/\/randrshop.hu\/webshop\/wp-json\/wp\/v2\/types\/product"}],"replies":[{"embeddable":true,"href":"https:\/\/randrshop.hu\/webshop\/wp-json\/wp\/v2\/comments?post=2480"}],"wp:featuredmedia":[{"embeddable":true,"href":"https:\/\/randrshop.hu\/webshop\/wp-json\/wp\/v2\/media\/2482"}],"wp:attachment":[{"href":"https:\/\/randrshop.hu\/webshop\/wp-json\/wp\/v2\/media?parent=2480"}],"wp:term":[{"taxonomy":"product_brand","embeddable":true,"href":"https:\/\/randrshop.hu\/webshop\/wp-json\/wp\/v2\/product_brand?post=2480"},{"taxonomy":"product_cat","embeddable":true,"href":"https:\/\/randrshop.hu\/webshop\/wp-json\/wp\/v2\/product_cat?post=2480"},{"taxonomy":"product_tag","embeddable":true,"href":"https:\/\/randrshop.hu\/webshop\/wp-json\/wp\/v2\/product_tag?post=2480"}],"curies":[{"name":"wp","href":"https:\/\/api.w.org\/{rel}","templated":true}]}}