{"id":2489,"date":"2026-03-20T13:09:21","date_gmt":"2026-03-20T12:09:21","guid":{"rendered":"https:\/\/randrshop.hu\/webshop\/?post_type=product&#038;p=2489"},"modified":"2026-03-20T13:09:21","modified_gmt":"2026-03-20T12:09:21","slug":"anekke-auralis-penztarca-2","status":"publish","type":"product","link":"https:\/\/randrshop.hu\/webshop\/termek\/anekke-auralis-penztarca-2\/","title":{"rendered":"Anekke Auralis P\u00e9nzt\u00e1rca"},"content":{"rendered":"","protected":false},"excerpt":{"rendered":"<p>Anekke Auralis P\u00e9nzt\u00e1rca<br \/>\nKollekci\u00f3:Anekke Auralis<br \/>\nSz\u00edn:-<br \/>\nM\u00e9ret:14*10*4 cm<br \/>\nCikksz\u00e1m.42819-902<\/p>\n","protected":false},"featured_media":2493,"comment_status":"open","ping_status":"closed","template":"","meta":[],"product_brand":[],"product_cat":[23,17],"product_tag":[],"class_list":{"0":"post-2489","1":"product","2":"type-product","3":"status-publish","4":"has-post-thumbnail","6":"product_cat-penztarcak","7":"product_cat-taskak","9":"first","10":"instock","11":"shipping-taxable","12":"purchasable","13":"product-type-simple"},"_links":{"self":[{"href":"https:\/\/randrshop.hu\/webshop\/wp-json\/wp\/v2\/product\/2489","targetHints":{"allow":["GET"]}}],"collection":[{"href":"https:\/\/randrshop.hu\/webshop\/wp-json\/wp\/v2\/product"}],"about":[{"href":"https:\/\/randrshop.hu\/webshop\/wp-json\/wp\/v2\/types\/product"}],"replies":[{"embeddable":true,"href":"https:\/\/randrshop.hu\/webshop\/wp-json\/wp\/v2\/comments?post=2489"}],"wp:featuredmedia":[{"embeddable":true,"href":"https:\/\/randrshop.hu\/webshop\/wp-json\/wp\/v2\/media\/2493"}],"wp:attachment":[{"href":"https:\/\/randrshop.hu\/webshop\/wp-json\/wp\/v2\/media?parent=2489"}],"wp:term":[{"taxonomy":"product_brand","embeddable":true,"href":"https:\/\/randrshop.hu\/webshop\/wp-json\/wp\/v2\/product_brand?post=2489"},{"taxonomy":"product_cat","embeddable":true,"href":"https:\/\/randrshop.hu\/webshop\/wp-json\/wp\/v2\/product_cat?post=2489"},{"taxonomy":"product_tag","embeddable":true,"href":"https:\/\/randrshop.hu\/webshop\/wp-json\/wp\/v2\/product_tag?post=2489"}],"curies":[{"name":"wp","href":"https:\/\/api.w.org\/{rel}","templated":true}]}}