{"id":2494,"date":"2026-03-20T15:03:24","date_gmt":"2026-03-20T14:03:24","guid":{"rendered":"https:\/\/randrshop.hu\/webshop\/?post_type=product&#038;p=2494"},"modified":"2026-03-20T15:03:24","modified_gmt":"2026-03-20T14:03:24","slug":"anekke-auralis-ovtaska","status":"publish","type":"product","link":"https:\/\/randrshop.hu\/webshop\/termek\/anekke-auralis-ovtaska\/","title":{"rendered":"Anekke Auralis \u00d6vt\u00e1ska"},"content":{"rendered":"","protected":false},"excerpt":{"rendered":"<p>Anekke Auralis \u00d6vt\u00e1ska<br \/>\nKollekci\u00f3:Anekke Auralis<br \/>\nSz\u00edn:-<br \/>\nM\u00e9ret:27*15*7 cm<br \/>\nCikksz\u00e1m:42815-745<\/p>\n","protected":false},"featured_media":2497,"comment_status":"open","ping_status":"closed","template":"","meta":[],"product_brand":[],"product_cat":[55,17],"product_tag":[],"class_list":{"0":"post-2494","1":"product","2":"type-product","3":"status-publish","4":"has-post-thumbnail","6":"product_cat-ovtaska","7":"product_cat-taskak","9":"first","10":"instock","11":"shipping-taxable","12":"purchasable","13":"product-type-simple"},"_links":{"self":[{"href":"https:\/\/randrshop.hu\/webshop\/wp-json\/wp\/v2\/product\/2494","targetHints":{"allow":["GET"]}}],"collection":[{"href":"https:\/\/randrshop.hu\/webshop\/wp-json\/wp\/v2\/product"}],"about":[{"href":"https:\/\/randrshop.hu\/webshop\/wp-json\/wp\/v2\/types\/product"}],"replies":[{"embeddable":true,"href":"https:\/\/randrshop.hu\/webshop\/wp-json\/wp\/v2\/comments?post=2494"}],"wp:featuredmedia":[{"embeddable":true,"href":"https:\/\/randrshop.hu\/webshop\/wp-json\/wp\/v2\/media\/2497"}],"wp:attachment":[{"href":"https:\/\/randrshop.hu\/webshop\/wp-json\/wp\/v2\/media?parent=2494"}],"wp:term":[{"taxonomy":"product_brand","embeddable":true,"href":"https:\/\/randrshop.hu\/webshop\/wp-json\/wp\/v2\/product_brand?post=2494"},{"taxonomy":"product_cat","embeddable":true,"href":"https:\/\/randrshop.hu\/webshop\/wp-json\/wp\/v2\/product_cat?post=2494"},{"taxonomy":"product_tag","embeddable":true,"href":"https:\/\/randrshop.hu\/webshop\/wp-json\/wp\/v2\/product_tag?post=2494"}],"curies":[{"name":"wp","href":"https:\/\/api.w.org\/{rel}","templated":true}]}}