{"id":2564,"date":"2026-03-24T15:04:58","date_gmt":"2026-03-24T14:04:58","guid":{"rendered":"https:\/\/randrshop.hu\/webshop\/?post_type=product&#038;p=2564"},"modified":"2026-03-24T15:04:58","modified_gmt":"2026-03-24T14:04:58","slug":"anekke-bloom-valltaska-2","status":"publish","type":"product","link":"https:\/\/randrshop.hu\/webshop\/termek\/anekke-bloom-valltaska-2\/","title":{"rendered":"Anekke Bloom V\u00e1llt\u00e1ska"},"content":{"rendered":"","protected":false},"excerpt":{"rendered":"<p>Anekke Bloom V\u00e1llt\u00e1ska<br \/>\nKollekci\u00f3:Anekke Bloom<br \/>\nSz\u00edn:-<br \/>\nM\u00e9ret:26*17*9 cm<br \/>\nCikksz\u00e1m:42723-543<\/p>\n","protected":false},"featured_media":2567,"comment_status":"open","ping_status":"closed","template":"","meta":[],"product_brand":[],"product_cat":[17,18],"product_tag":[],"class_list":{"0":"post-2564","1":"product","2":"type-product","3":"status-publish","4":"has-post-thumbnail","6":"product_cat-taskak","7":"product_cat-valltaskak","9":"first","10":"instock","11":"shipping-taxable","12":"purchasable","13":"product-type-simple"},"_links":{"self":[{"href":"https:\/\/randrshop.hu\/webshop\/wp-json\/wp\/v2\/product\/2564","targetHints":{"allow":["GET"]}}],"collection":[{"href":"https:\/\/randrshop.hu\/webshop\/wp-json\/wp\/v2\/product"}],"about":[{"href":"https:\/\/randrshop.hu\/webshop\/wp-json\/wp\/v2\/types\/product"}],"replies":[{"embeddable":true,"href":"https:\/\/randrshop.hu\/webshop\/wp-json\/wp\/v2\/comments?post=2564"}],"wp:featuredmedia":[{"embeddable":true,"href":"https:\/\/randrshop.hu\/webshop\/wp-json\/wp\/v2\/media\/2567"}],"wp:attachment":[{"href":"https:\/\/randrshop.hu\/webshop\/wp-json\/wp\/v2\/media?parent=2564"}],"wp:term":[{"taxonomy":"product_brand","embeddable":true,"href":"https:\/\/randrshop.hu\/webshop\/wp-json\/wp\/v2\/product_brand?post=2564"},{"taxonomy":"product_cat","embeddable":true,"href":"https:\/\/randrshop.hu\/webshop\/wp-json\/wp\/v2\/product_cat?post=2564"},{"taxonomy":"product_tag","embeddable":true,"href":"https:\/\/randrshop.hu\/webshop\/wp-json\/wp\/v2\/product_tag?post=2564"}],"curies":[{"name":"wp","href":"https:\/\/api.w.org\/{rel}","templated":true}]}}