{"id":262,"date":"2024-05-05T19:33:12","date_gmt":"2024-05-05T17:33:12","guid":{"rendered":"https:\/\/randrshop.hu\/webshop\/termek\/anekke-contemporary-valltaska-2\/"},"modified":"2026-01-09T11:01:25","modified_gmt":"2026-01-09T10:01:25","slug":"anekke-contemporary-valltaska-2","status":"publish","type":"product","link":"https:\/\/randrshop.hu\/webshop\/termek\/anekke-contemporary-valltaska-2\/","title":{"rendered":"Anekke Contemporary V\u00e1llt\u00e1ska"},"content":{"rendered":"<p>Anekke Contemporary V\u00e1llt\u00e1ska -.<br \/>\nKollekci\u00f3: Anekke Contemporary<br \/>\nT\u00edpus: V\u00e1llt\u00e1ska<br \/>\nSz\u00edn: &#8211;<br \/>\nM\u00e9retek: 20x21x10 cm<br \/>\nCikksz\u00e1m: 37803-279<\/p>\n","protected":false},"excerpt":{"rendered":"<p>Anekke Contemporary V\u00e1llt\u00e1ska -.<br \/>\nKollekci\u00f3: Anekke Contemporary<br \/>\nT\u00edpus: V\u00e1llt\u00e1ska<br \/>\nSz\u00edn: &#8211;<br \/>\nM\u00e9retek: 20x21x10 cm<br \/>\nCikksz\u00e1m: 37803-279<\/p>\n","protected":false},"featured_media":261,"comment_status":"open","ping_status":"closed","template":"","meta":[],"product_brand":[],"product_cat":[17,18],"product_tag":[],"class_list":{"0":"post-262","1":"product","2":"type-product","3":"status-publish","4":"has-post-thumbnail","6":"product_cat-taskak","7":"product_cat-valltaskak","9":"first","10":"instock","11":"shipping-taxable","12":"purchasable","13":"product-type-simple"},"_links":{"self":[{"href":"https:\/\/randrshop.hu\/webshop\/wp-json\/wp\/v2\/product\/262","targetHints":{"allow":["GET"]}}],"collection":[{"href":"https:\/\/randrshop.hu\/webshop\/wp-json\/wp\/v2\/product"}],"about":[{"href":"https:\/\/randrshop.hu\/webshop\/wp-json\/wp\/v2\/types\/product"}],"replies":[{"embeddable":true,"href":"https:\/\/randrshop.hu\/webshop\/wp-json\/wp\/v2\/comments?post=262"}],"wp:featuredmedia":[{"embeddable":true,"href":"https:\/\/randrshop.hu\/webshop\/wp-json\/wp\/v2\/media\/261"}],"wp:attachment":[{"href":"https:\/\/randrshop.hu\/webshop\/wp-json\/wp\/v2\/media?parent=262"}],"wp:term":[{"taxonomy":"product_brand","embeddable":true,"href":"https:\/\/randrshop.hu\/webshop\/wp-json\/wp\/v2\/product_brand?post=262"},{"taxonomy":"product_cat","embeddable":true,"href":"https:\/\/randrshop.hu\/webshop\/wp-json\/wp\/v2\/product_cat?post=262"},{"taxonomy":"product_tag","embeddable":true,"href":"https:\/\/randrshop.hu\/webshop\/wp-json\/wp\/v2\/product_tag?post=262"}],"curies":[{"name":"wp","href":"https:\/\/api.w.org\/{rel}","templated":true}]}}