{"id":440,"date":"2024-05-05T19:33:45","date_gmt":"2024-05-05T17:33:45","guid":{"rendered":"https:\/\/randrshop.hu\/webshop\/termek\/anekke-shoen-brown-kezitaska-es-valltaska-egyben-3\/"},"modified":"2026-01-09T10:35:35","modified_gmt":"2026-01-09T09:35:35","slug":"anekke-shoen-brown-kezitaska-es-valltaska-egyben-3","status":"publish","type":"product","link":"https:\/\/randrshop.hu\/webshop\/termek\/anekke-shoen-brown-kezitaska-es-valltaska-egyben-3\/","title":{"rendered":"Anekke Shoen Brown K\u00e9zit\u00e1ska \u00e9s v\u00e1llt\u00e1ska egyben"},"content":{"rendered":"<p>Anekke Shoen Brown K\u00e9zit\u00e1ska \u00e9s v\u00e1llt\u00e1ska egyben -.<br \/>\nKollekci\u00f3: Anekke Shoen Brown<br \/>\nT\u00edpus: K\u00e9zit\u00e1ska \u00e9s v\u00e1llt\u00e1ska egyben<br \/>\nSz\u00edn: &#8211;<br \/>\nM\u00e9retek: 31x21x10 cm<br \/>\nCikksz\u00e1m: 37701-223<\/p>\n","protected":false},"excerpt":{"rendered":"<p>Anekke Shoen Brown K\u00e9zit\u00e1ska \u00e9s v\u00e1llt\u00e1ska egyben -.<br \/>\nKollekci\u00f3: Anekke Shoen Brown<br \/>\nT\u00edpus: K\u00e9zit\u00e1ska \u00e9s v\u00e1llt\u00e1ska egyben<br \/>\nSz\u00edn: &#8211;<br \/>\nM\u00e9retek: 31x21x10 cm<br \/>\nCikksz\u00e1m: 37701-223<\/p>\n","protected":false},"featured_media":439,"comment_status":"open","ping_status":"closed","template":"","meta":[],"product_brand":[],"product_cat":[22,17,18],"product_tag":[],"class_list":{"0":"post-440","1":"product","2":"type-product","3":"status-publish","4":"has-post-thumbnail","6":"product_cat-kezitaskak","7":"product_cat-taskak","8":"product_cat-valltaskak","10":"first","11":"instock","12":"shipping-taxable","13":"purchasable","14":"product-type-simple"},"_links":{"self":[{"href":"https:\/\/randrshop.hu\/webshop\/wp-json\/wp\/v2\/product\/440","targetHints":{"allow":["GET"]}}],"collection":[{"href":"https:\/\/randrshop.hu\/webshop\/wp-json\/wp\/v2\/product"}],"about":[{"href":"https:\/\/randrshop.hu\/webshop\/wp-json\/wp\/v2\/types\/product"}],"replies":[{"embeddable":true,"href":"https:\/\/randrshop.hu\/webshop\/wp-json\/wp\/v2\/comments?post=440"}],"wp:featuredmedia":[{"embeddable":true,"href":"https:\/\/randrshop.hu\/webshop\/wp-json\/wp\/v2\/media\/439"}],"wp:attachment":[{"href":"https:\/\/randrshop.hu\/webshop\/wp-json\/wp\/v2\/media?parent=440"}],"wp:term":[{"taxonomy":"product_brand","embeddable":true,"href":"https:\/\/randrshop.hu\/webshop\/wp-json\/wp\/v2\/product_brand?post=440"},{"taxonomy":"product_cat","embeddable":true,"href":"https:\/\/randrshop.hu\/webshop\/wp-json\/wp\/v2\/product_cat?post=440"},{"taxonomy":"product_tag","embeddable":true,"href":"https:\/\/randrshop.hu\/webshop\/wp-json\/wp\/v2\/product_tag?post=440"}],"curies":[{"name":"wp","href":"https:\/\/api.w.org\/{rel}","templated":true}]}}