{"id":530,"date":"2024-05-06T22:08:38","date_gmt":"2024-05-06T20:08:38","guid":{"rendered":"https:\/\/randrshop.hu\/webshop\/termek\/anekke-contemporary-halaszsapka\/"},"modified":"2026-01-09T10:10:18","modified_gmt":"2026-01-09T09:10:18","slug":"anekke-contemporary-halaszsapka","status":"publish","type":"product","link":"https:\/\/randrshop.hu\/webshop\/termek\/anekke-contemporary-halaszsapka\/","title":{"rendered":"Anekke Contemporary Hal\u00e1szsapka"},"content":{"rendered":"<p>Anekke Contemporary Hal\u00e1szsapka.<br \/>\nKollekci\u00f3: Anekke Contemporary<br \/>\nK\u00fcls\u0151: 100% Polyester<br \/>\nBels\u0151: 100% Polyester<br \/>\nSz\u00edn: Sz\u00ednes, k\u00e9k<br \/>\nM\u00e9retek: Egy m\u00e9ret<br \/>\nCikksz\u00e1m: 37800-522<\/p>\n","protected":false},"excerpt":{"rendered":"<p>Anekke Contemporary Hal\u00e1szsapka.<br \/>\nKollekci\u00f3: Anekke Contemporary<br \/>\nK\u00fcls\u0151: 100% Polyester<br \/>\nBels\u0151: 100% Polyester<br \/>\nSz\u00edn: Sz\u00ednes, k\u00e9k<br \/>\nM\u00e9retek: Egy m\u00e9ret<br \/>\nCikksz\u00e1m: 37800-522<\/p>\n","protected":false},"featured_media":529,"comment_status":"open","ping_status":"closed","template":"","meta":[],"product_brand":[],"product_cat":[34,30],"product_tag":[],"class_list":{"0":"post-530","1":"product","2":"type-product","3":"status-publish","4":"has-post-thumbnail","6":"product_cat-halaszsapkak","7":"product_cat-ruhazat","9":"first","10":"instock","11":"shipping-taxable","12":"purchasable","13":"product-type-simple"},"_links":{"self":[{"href":"https:\/\/randrshop.hu\/webshop\/wp-json\/wp\/v2\/product\/530","targetHints":{"allow":["GET"]}}],"collection":[{"href":"https:\/\/randrshop.hu\/webshop\/wp-json\/wp\/v2\/product"}],"about":[{"href":"https:\/\/randrshop.hu\/webshop\/wp-json\/wp\/v2\/types\/product"}],"replies":[{"embeddable":true,"href":"https:\/\/randrshop.hu\/webshop\/wp-json\/wp\/v2\/comments?post=530"}],"wp:featuredmedia":[{"embeddable":true,"href":"https:\/\/randrshop.hu\/webshop\/wp-json\/wp\/v2\/media\/529"}],"wp:attachment":[{"href":"https:\/\/randrshop.hu\/webshop\/wp-json\/wp\/v2\/media?parent=530"}],"wp:term":[{"taxonomy":"product_brand","embeddable":true,"href":"https:\/\/randrshop.hu\/webshop\/wp-json\/wp\/v2\/product_brand?post=530"},{"taxonomy":"product_cat","embeddable":true,"href":"https:\/\/randrshop.hu\/webshop\/wp-json\/wp\/v2\/product_cat?post=530"},{"taxonomy":"product_tag","embeddable":true,"href":"https:\/\/randrshop.hu\/webshop\/wp-json\/wp\/v2\/product_tag?post=530"}],"curies":[{"name":"wp","href":"https:\/\/api.w.org\/{rel}","templated":true}]}}