{"id":539,"date":"2024-05-06T22:08:40","date_gmt":"2024-05-06T20:08:40","guid":{"rendered":"https:\/\/randrshop.hu\/webshop\/termek\/anekke-kardigan-bezs\/"},"modified":"2026-01-08T16:27:32","modified_gmt":"2026-01-08T15:27:32","slug":"anekke-kardigan-bezs","status":"publish","type":"product","link":"https:\/\/randrshop.hu\/webshop\/termek\/anekke-kardigan-bezs\/","title":{"rendered":"Anekke Kardig\u00e1n B\u00e9zs"},"content":{"rendered":"<p>Anekke Kardig\u00e1n B\u00e9zs.<br \/>\nK\u00fcls\u0151: 100% Pamut<br \/>\nSz\u00edn: B\u00e9zs<br \/>\nM\u00e9retek: L\/XL<br \/>\nCikksz\u00e1m: 37271-207<\/p>\n","protected":false},"excerpt":{"rendered":"<p>Anekke Kardig\u00e1n B\u00e9zs.<br \/>\nK\u00fcls\u0151: 100% Pamut<br \/>\nSz\u00edn: B\u00e9zs<br \/>\nM\u00e9retek: L\/XL<br \/>\nCikksz\u00e1m: 37271-207<\/p>\n","protected":false},"featured_media":538,"comment_status":"open","ping_status":"closed","template":"","meta":[],"product_brand":[],"product_cat":[36,30],"product_tag":[],"class_list":{"0":"post-539","1":"product","2":"type-product","3":"status-publish","4":"has-post-thumbnail","6":"product_cat-kardiganok","7":"product_cat-ruhazat","9":"first","10":"instock","11":"shipping-taxable","12":"purchasable","13":"product-type-simple"},"_links":{"self":[{"href":"https:\/\/randrshop.hu\/webshop\/wp-json\/wp\/v2\/product\/539","targetHints":{"allow":["GET"]}}],"collection":[{"href":"https:\/\/randrshop.hu\/webshop\/wp-json\/wp\/v2\/product"}],"about":[{"href":"https:\/\/randrshop.hu\/webshop\/wp-json\/wp\/v2\/types\/product"}],"replies":[{"embeddable":true,"href":"https:\/\/randrshop.hu\/webshop\/wp-json\/wp\/v2\/comments?post=539"}],"wp:featuredmedia":[{"embeddable":true,"href":"https:\/\/randrshop.hu\/webshop\/wp-json\/wp\/v2\/media\/538"}],"wp:attachment":[{"href":"https:\/\/randrshop.hu\/webshop\/wp-json\/wp\/v2\/media?parent=539"}],"wp:term":[{"taxonomy":"product_brand","embeddable":true,"href":"https:\/\/randrshop.hu\/webshop\/wp-json\/wp\/v2\/product_brand?post=539"},{"taxonomy":"product_cat","embeddable":true,"href":"https:\/\/randrshop.hu\/webshop\/wp-json\/wp\/v2\/product_cat?post=539"},{"taxonomy":"product_tag","embeddable":true,"href":"https:\/\/randrshop.hu\/webshop\/wp-json\/wp\/v2\/product_tag?post=539"}],"curies":[{"name":"wp","href":"https:\/\/api.w.org\/{rel}","templated":true}]}}