{"id":553,"date":"2024-05-06T22:08:41","date_gmt":"2024-05-06T20:08:41","guid":{"rendered":"https:\/\/randrshop.hu\/webshop\/termek\/anekke-automata-esernyo-kek\/"},"modified":"2026-04-17T10:21:29","modified_gmt":"2026-04-17T08:21:29","slug":"anekke-automata-esernyo-kek","status":"publish","type":"product","link":"https:\/\/randrshop.hu\/webshop\/termek\/anekke-automata-esernyo-kek\/","title":{"rendered":"Anekke Automata Eserny\u0151 K\u00e9k"},"content":{"rendered":"<p>Anekke Automata Eserny\u0151 K\u00e9k.<br \/>\nSz\u00edn: K\u00e9k<br \/>\nCikksz\u00e1m: 37900-310<\/p>\n","protected":false},"excerpt":{"rendered":"<p>Anekke Automata Eserny\u0151 K\u00e9k.<br \/>\nSz\u00edn: K\u00e9k<br \/>\nCikksz\u00e1m: 37900-310<\/p>\n","protected":false},"featured_media":552,"comment_status":"open","ping_status":"closed","template":"","meta":[],"product_brand":[],"product_cat":[38],"product_tag":[],"class_list":{"0":"post-553","1":"product","2":"type-product","3":"status-publish","4":"has-post-thumbnail","6":"product_cat-automata-osszecsukhato-esernyok","8":"first","9":"outofstock","10":"shipping-taxable","11":"purchasable","12":"product-type-simple"},"_links":{"self":[{"href":"https:\/\/randrshop.hu\/webshop\/wp-json\/wp\/v2\/product\/553","targetHints":{"allow":["GET"]}}],"collection":[{"href":"https:\/\/randrshop.hu\/webshop\/wp-json\/wp\/v2\/product"}],"about":[{"href":"https:\/\/randrshop.hu\/webshop\/wp-json\/wp\/v2\/types\/product"}],"replies":[{"embeddable":true,"href":"https:\/\/randrshop.hu\/webshop\/wp-json\/wp\/v2\/comments?post=553"}],"wp:featuredmedia":[{"embeddable":true,"href":"https:\/\/randrshop.hu\/webshop\/wp-json\/wp\/v2\/media\/552"}],"wp:attachment":[{"href":"https:\/\/randrshop.hu\/webshop\/wp-json\/wp\/v2\/media?parent=553"}],"wp:term":[{"taxonomy":"product_brand","embeddable":true,"href":"https:\/\/randrshop.hu\/webshop\/wp-json\/wp\/v2\/product_brand?post=553"},{"taxonomy":"product_cat","embeddable":true,"href":"https:\/\/randrshop.hu\/webshop\/wp-json\/wp\/v2\/product_cat?post=553"},{"taxonomy":"product_tag","embeddable":true,"href":"https:\/\/randrshop.hu\/webshop\/wp-json\/wp\/v2\/product_tag?post=553"}],"curies":[{"name":"wp","href":"https:\/\/api.w.org\/{rel}","templated":true}]}}