{"id":577,"date":"2024-05-06T22:20:38","date_gmt":"2024-05-06T20:20:38","guid":{"rendered":"https:\/\/randrshop.hu\/webshop\/termek\/anekke-sal-bezs\/"},"modified":"2025-02-15T00:04:59","modified_gmt":"2025-02-14T23:04:59","slug":"anekke-sal-bezs","status":"publish","type":"product","link":"https:\/\/randrshop.hu\/webshop\/termek\/anekke-sal-bezs\/","title":{"rendered":"Anekke S\u00e1l B\u00e9zs"},"content":{"rendered":"<p>Anekke S\u00e1l B\u00e9zs.<br \/>\nK\u00fcls\u0151: 60% Polyester, 40% Lurex<br \/>\nSz\u00edn: B\u00e9zs<br \/>\nCikksz\u00e1m: 37900-121<\/p>\n","protected":false},"excerpt":{"rendered":"<p>Anekke S\u00e1l B\u00e9zs.<br \/>\nK\u00fcls\u0151: 60% Polyester, 40% Lurex<br \/>\nSz\u00edn: B\u00e9zs<br \/>\nCikksz\u00e1m: 37900-121<\/p>\n","protected":false},"featured_media":576,"comment_status":"open","ping_status":"closed","template":"","meta":[],"product_brand":[],"product_cat":[30,39],"product_tag":[],"class_list":{"0":"post-577","1":"product","2":"type-product","3":"status-publish","4":"has-post-thumbnail","6":"product_cat-ruhazat","7":"product_cat-salak","9":"first","10":"instock","11":"shipping-taxable","12":"purchasable","13":"product-type-simple"},"_links":{"self":[{"href":"https:\/\/randrshop.hu\/webshop\/wp-json\/wp\/v2\/product\/577","targetHints":{"allow":["GET"]}}],"collection":[{"href":"https:\/\/randrshop.hu\/webshop\/wp-json\/wp\/v2\/product"}],"about":[{"href":"https:\/\/randrshop.hu\/webshop\/wp-json\/wp\/v2\/types\/product"}],"replies":[{"embeddable":true,"href":"https:\/\/randrshop.hu\/webshop\/wp-json\/wp\/v2\/comments?post=577"}],"wp:featuredmedia":[{"embeddable":true,"href":"https:\/\/randrshop.hu\/webshop\/wp-json\/wp\/v2\/media\/576"}],"wp:attachment":[{"href":"https:\/\/randrshop.hu\/webshop\/wp-json\/wp\/v2\/media?parent=577"}],"wp:term":[{"taxonomy":"product_brand","embeddable":true,"href":"https:\/\/randrshop.hu\/webshop\/wp-json\/wp\/v2\/product_brand?post=577"},{"taxonomy":"product_cat","embeddable":true,"href":"https:\/\/randrshop.hu\/webshop\/wp-json\/wp\/v2\/product_cat?post=577"},{"taxonomy":"product_tag","embeddable":true,"href":"https:\/\/randrshop.hu\/webshop\/wp-json\/wp\/v2\/product_tag?post=577"}],"curies":[{"name":"wp","href":"https:\/\/api.w.org\/{rel}","templated":true}]}}