{"id":710,"date":"2024-07-01T14:51:18","date_gmt":"2024-07-01T12:51:18","guid":{"rendered":"https:\/\/randrshop.hu\/webshop\/?post_type=product&#038;p=710"},"modified":"2026-01-08T16:16:12","modified_gmt":"2026-01-08T15:16:12","slug":"anekke-accesorios-hutotaska","status":"publish","type":"product","link":"https:\/\/randrshop.hu\/webshop\/termek\/anekke-accesorios-hutotaska\/","title":{"rendered":"Anekke Accesorios H\u0171t\u0151t\u00e1ska"},"content":{"rendered":"<p>Anekke Accesorios H\u0171t\u0151t\u00e1ska<br \/>\nKollekci\u00f3: Anekke Accesorios<br \/>\nT\u00edpus: H\u0171t\u0151t\u00e1ska<br \/>\nSz\u00edn: &#8211;<br \/>\nM\u00e9retek: 31x30x13,5 cm<br \/>\nCikksz\u00e1m: 38494-111<\/p>\n","protected":false},"excerpt":{"rendered":"<p>Anekke Accesorios H\u0171t\u0151t\u00e1ska Kollekci\u00f3: Anekke Accesorios T\u00edpus: H\u0171t\u0151t\u00e1ska Sz\u00edn: &#8211; M\u00e9retek: 31x30x13,5 cm Cikksz\u00e1m: 38494-111<\/p>\n","protected":false},"featured_media":711,"comment_status":"open","ping_status":"closed","template":"","meta":[],"product_brand":[],"product_cat":[15,27,17],"product_tag":[],"class_list":{"0":"post-710","1":"product","2":"type-product","3":"status-publish","4":"has-post-thumbnail","6":"product_cat-egyeb","7":"product_cat-hutotaskak","8":"product_cat-taskak","10":"first","11":"instock","12":"shipping-taxable","13":"purchasable","14":"product-type-simple"},"_links":{"self":[{"href":"https:\/\/randrshop.hu\/webshop\/wp-json\/wp\/v2\/product\/710","targetHints":{"allow":["GET"]}}],"collection":[{"href":"https:\/\/randrshop.hu\/webshop\/wp-json\/wp\/v2\/product"}],"about":[{"href":"https:\/\/randrshop.hu\/webshop\/wp-json\/wp\/v2\/types\/product"}],"replies":[{"embeddable":true,"href":"https:\/\/randrshop.hu\/webshop\/wp-json\/wp\/v2\/comments?post=710"}],"wp:featuredmedia":[{"embeddable":true,"href":"https:\/\/randrshop.hu\/webshop\/wp-json\/wp\/v2\/media\/711"}],"wp:attachment":[{"href":"https:\/\/randrshop.hu\/webshop\/wp-json\/wp\/v2\/media?parent=710"}],"wp:term":[{"taxonomy":"product_brand","embeddable":true,"href":"https:\/\/randrshop.hu\/webshop\/wp-json\/wp\/v2\/product_brand?post=710"},{"taxonomy":"product_cat","embeddable":true,"href":"https:\/\/randrshop.hu\/webshop\/wp-json\/wp\/v2\/product_cat?post=710"},{"taxonomy":"product_tag","embeddable":true,"href":"https:\/\/randrshop.hu\/webshop\/wp-json\/wp\/v2\/product_tag?post=710"}],"curies":[{"name":"wp","href":"https:\/\/api.w.org\/{rel}","templated":true}]}}